{"id":30,"date":"2025-10-09T14:39:47","date_gmt":"2025-10-09T12:39:47","guid":{"rendered":"https:\/\/kolonie.area4you.de\/?page_id=30"},"modified":"2025-10-19T11:17:10","modified_gmt":"2025-10-19T09:17:10","slug":"impressum","status":"publish","type":"page","link":"https:\/\/kolonie.area4you.de\/?page_id=30","title":{"rendered":"Impressum"},"content":{"rendered":"<p data-start=\"334\" data-end=\"447\"><strong data-start=\"334\" data-end=\"381\">Kleingartenkolonie Kolonie Frischauf e. V.<\/strong><br data-start=\"381\" data-end=\"384\" \/>Pionierstra\u00dfe 36<br data-start=\"434\" data-end=\"437\" \/>13583, Berlin<\/p>\n<p data-start=\"449\" data-end=\"471\"><strong data-start=\"449\" data-end=\"469\">Vertreten durch:<\/strong><\/p>\n<ol data-start=\"472\" data-end=\"542\">\n<li data-start=\"472\" data-end=\"505\">\n<p data-start=\"475\" data-end=\"505\">Vorsitzende: Bianka Hinrichs<\/p>\n<\/li>\n<li data-start=\"506\" data-end=\"542\">\n<p data-start=\"509\" data-end=\"542\">Vorsitzender: Patrick Ritzinger<\/p>\n<\/li>\n<\/ol>\n<p data-start=\"544\" data-end=\"663\"><strong data-start=\"544\" data-end=\"556\">Kontakt:<\/strong><\/p>\n<ol data-start=\"472\" data-end=\"542\">\n<li data-start=\"472\" data-end=\"505\">\n<p data-start=\"475\" data-end=\"505\">Vorsitzende: Bianka Hinrichs<br \/>\nTelefon: +49 176 72 97 93 10<br \/>\nE- Mail: <a href=\"mailto:1-Vorsitzender@kolonie-frischauf-spandau.de\">1-Vorsitzender@kolonie-frischauf-spandau.de<\/a><\/p>\n<\/li>\n<li data-start=\"506\" data-end=\"542\">\n<p data-start=\"509\" data-end=\"542\">Vorsitzender: Patrick Ritzinger<br \/>\nTelefon: +49 176 77 03 87 39<br \/>\nE- Mail: <a href=\"mailto:2-Vorsitzender@kolonie-frischauf-spandau.de\">2-Vorsitzender@kolonie-frischauf-spandau.de<\/a><\/p>\n<\/li>\n<\/ol>\n<p data-start=\"544\" data-end=\"663\">Website: <a href=\"http:\/\/www.Kolonie-Frischauf-Spandau.de\">www.Kolonie-Frischauf-Spandau.de<\/a><br \/>\nE- Mail: <a href=\"mailto:Kontakt@kolonie-Frischauf-Spandau.de\">Kontakt@kolonie-Frischauf-Spandau.de<\/a><\/p>\n<p data-start=\"665\" data-end=\"785\"><strong data-start=\"665\" data-end=\"685\">Vereinsregister:<\/strong><br data-start=\"685\" data-end=\"688\" \/>Eingetragen im Vereinsregister beim Amtsgericht Berlin &#8211; Charlottenburg<br data-start=\"741\" data-end=\"744\" \/>Vereinsregisternummer:<\/p>\n<p data-start=\"787\" data-end=\"883\"><strong data-start=\"787\" data-end=\"843\">Verantwortlich f\u00fcr den Inhalt nach \u00a7 55 Abs. 2 RStV:<\/strong><br data-start=\"843\" data-end=\"846\" \/>Bianka Hinrichs,<br \/>\nPatrick Ritzinger<br \/>\nPionierstra\u00dfe 36<br data-start=\"434\" data-end=\"437\" \/>13583, Berlin<\/p>\n<h3 data-start=\"890\" data-end=\"919\">\u2696\ufe0f <strong data-start=\"897\" data-end=\"919\">Haftungsausschluss<\/strong><\/h3>\n<p data-start=\"921\" data-end=\"1119\"><strong data-start=\"921\" data-end=\"945\">Haftung f\u00fcr Inhalte:<\/strong><br data-start=\"945\" data-end=\"948\" \/>Die Inhalte unserer Seiten wurden mit gr\u00f6\u00dfter Sorgfalt erstellt. F\u00fcr die Richtigkeit, Vollst\u00e4ndigkeit und Aktualit\u00e4t der Inhalte k\u00f6nnen wir jedoch keine Gew\u00e4hr \u00fcbernehmen.<\/p>\n<p data-start=\"1121\" data-end=\"1426\"><strong data-start=\"1121\" data-end=\"1143\">Haftung f\u00fcr Links:<\/strong><br data-start=\"1143\" data-end=\"1146\" \/>Unser Angebot enth\u00e4lt Links zu externen Webseiten Dritter, auf deren Inhalte wir keinen Einfluss haben. Deshalb k\u00f6nnen wir f\u00fcr diese fremden Inhalte auch keine Gew\u00e4hr \u00fcbernehmen. F\u00fcr die Inhalte der verlinkten Seiten ist stets der jeweilige Anbieter oder Betreiber verantwortlich.<\/p>\n<p data-start=\"1428\" data-end=\"1796\"><strong data-start=\"1428\" data-end=\"1445\">Urheberrecht:<\/strong><br data-start=\"1445\" data-end=\"1448\" \/>Die durch den Verein erstellten Inhalte und Werke auf diesen Seiten unterliegen dem deutschen Urheberrecht. Beitr\u00e4ge Dritter sind als solche gekennzeichnet. Die Vervielf\u00e4ltigung, Bearbeitung, Verbreitung und jede Art der Verwertung au\u00dferhalb der Grenzen des Urheberrechts bed\u00fcrfen der schriftlichen Zustimmung des jeweiligen Autors oder Erstellers.<\/p>\n<h3 data-start=\"1803\" data-end=\"1846\">\ud83d\udce7 <strong data-start=\"1810\" data-end=\"1846\">Hinweis zur E-Mail-Kommunikation<\/strong><\/h3>\n<p data-start=\"1847\" data-end=\"2006\">Bitte beachten Sie, dass die Kommunikation per E-Mail Sicherheitsl\u00fccken aufweisen kann. Eine vollst\u00e4ndige Sicherheit der Daten kann nicht gew\u00e4hrleistet werden.<\/p>\n","protected":false},"excerpt":{"rendered":"<p>Kleingartenkolonie Kolonie Frischauf e. V.Pionierstra\u00dfe 3613583, Berlin Vertreten durch: Vorsitzende: Bianka Hinrichs Vorsitzender: Patrick Ritzinger Kontakt: Vorsitzende: Bianka Hinrichs Telefon: +49 176 72 97 93 10 E- Mail: 1-Vorsitzender@kolonie-frischauf-spandau.de Vorsitzender: Patrick Ritzinger Telefon: +49 176 77 03 87 39 E- Mail: 2-Vorsitzender@kolonie-frischauf-spandau.de Website: www.Kolonie-Frischauf-Spandau.de E- Mail: Kontakt@kolonie-Frischauf-Spandau.de Vereinsregister:Eingetragen im Vereinsregister beim Amtsgericht Berlin &#8211; CharlottenburgVereinsregisternummer: [&hellip;]<\/p>\n","protected":false},"author":1,"featured_media":0,"parent":0,"menu_order":0,"comment_status":"closed","ping_status":"closed","template":"page-full-width","meta":{"footnotes":""},"class_list":["post-30","page","type-page","status-publish","hentry"],"_links":{"self":[{"href":"https:\/\/kolonie.area4you.de\/index.php?rest_route=\/wp\/v2\/pages\/30","targetHints":{"allow":["GET"]}}],"collection":[{"href":"https:\/\/kolonie.area4you.de\/index.php?rest_route=\/wp\/v2\/pages"}],"about":[{"href":"https:\/\/kolonie.area4you.de\/index.php?rest_route=\/wp\/v2\/types\/page"}],"author":[{"embeddable":true,"href":"https:\/\/kolonie.area4you.de\/index.php?rest_route=\/wp\/v2\/users\/1"}],"replies":[{"embeddable":true,"href":"https:\/\/kolonie.area4you.de\/index.php?rest_route=%2Fwp%2Fv2%2Fcomments&post=30"}],"version-history":[{"count":1,"href":"https:\/\/kolonie.area4you.de\/index.php?rest_route=\/wp\/v2\/pages\/30\/revisions"}],"predecessor-version":[{"id":31,"href":"https:\/\/kolonie.area4you.de\/index.php?rest_route=\/wp\/v2\/pages\/30\/revisions\/31"}],"wp:attachment":[{"href":"https:\/\/kolonie.area4you.de\/index.php?rest_route=%2Fwp%2Fv2%2Fmedia&parent=30"}],"curies":[{"name":"wp","href":"https:\/\/api.w.org\/{rel}","templated":true}]}}