{"id":28,"date":"2025-10-09T14:27:40","date_gmt":"2025-10-09T12:27:40","guid":{"rendered":"https:\/\/kolonie.area4you.de\/?page_id=28"},"modified":"2025-10-23T15:51:52","modified_gmt":"2025-10-23T13:51:52","slug":"kolonieplan","status":"publish","type":"page","link":"https:\/\/kolonie.area4you.de\/?page_id=28","title":{"rendered":"Kolonieplan"},"content":{"rendered":"<h1>Unser Kolonieplan<\/h1>\n<p style=\"text-align: center;\">    <div id=\"flaechenplan-wrapper\">\n      <style>\n        #flaechenplan-wrapper table {\n          border-collapse: collapse;\n          width: 100%;\n          max-width: 900px;\n        }\n        #flaechenplan-wrapper td {\n          border: 2px solid #000; \/* 2px schwarze Umrandung *\/\n          padding: 6px 8px;\n          text-align: center;\n          width: 70px;\n        }\n        #flaechenplan-wrapper caption {\n          caption-side: top;\n          font-weight: 600;\n          margin-bottom: .5rem;\n        }\n\n        \/* normale Nummernzeilen 3\u00d7 h\u00f6her *\/\n        #flaechenplan-wrapper tr.num-row td {\n          height: 60px;\n          vertical-align: middle;\n        }\n\n        \/* verbundene Zellen *\/\n        #flaechenplan-wrapper td[colspan] {\n          font-weight: bold;\n          background: #f3f3f3;\n        }\n\n        \/* G\u00e4nge gr\u00fcn einf\u00e4rben *\/\n        #flaechenplan-wrapper .gang1,\n        #flaechenplan-wrapper .gang2,\n        #flaechenplan-wrapper .gang3,\n        #flaechenplan-wrapper .gang4,\n        #flaechenplan-wrapper .gang5,\n        #flaechenplan-wrapper .gang6 {\n          background: #d7f9d7;\n        }\n\n        \/* Infokasten rechtsb\u00fcndig *\/\n        #flaechenplan-wrapper .infokasten {\n          text-align: right;\n          padding-right: 10px;\n        }\n\n        \/* Vertikaltext f\u00fcr Hauptweg *\/\n        #flaechenplan-wrapper .vertical-text {\n          writing-mode: horizontal-tb;\n          text-align: center;\n          font-weight: bold;\n          background: #eef;\n          white-space: pre;\n          letter-spacing: 0.05em;\n        }\n\n        \/* Marker-System (Personen) *\/\n        #flaechenplan-wrapper .marker {\n          position: relative;\n          font-weight: bold;\n          border: 2px solid;\n        }\n\n        \/* Tooltip *\/\n        #flaechenplan-wrapper .marker::after {\n          content: attr(data-info);\n          position: absolute;\n          bottom: 100%;\n          left: 50%;\n          transform: translateX(-50%);\n          background: #222;\n          color: #fff;\n          padding: 4px 6px;\n          border-radius: 4px;\n          font-size: 0.75em;\n          white-space: nowrap;\n          opacity: 0;\n          pointer-events: none;\n          transition: opacity .15s ease-in-out;\n        }\n        #flaechenplan-wrapper .marker:hover::after { opacity: 1; }\n\n        \/* Gruppenfarben *\/\n        #flaechenplan-wrapper .vorstand     { background:#ffe6a7; border-color:#ffb703; }\n        #flaechenplan-wrapper .arbeitsdienst{ background:#e7ffd7; border-color:#66bb6a; }\n        #flaechenplan-wrapper .wasserwart   { background:#d7f2ff; border-color:#2196f3; }\n        #flaechenplan-wrapper .muellwartin  { background:#fde2ff; border-color:#ba68c8; }\n\n        \/* Wasserwart + M\u00fcllwartin kombiniert *\/\n        #flaechenplan-wrapper .multi-wasser-muell {\n          background-image: linear-gradient(135deg, #d7f2ff 50%, #fde2ff 50%);\n          border-color:#5aa9e6;\n        }\n\n        \/* Gemeinschaftsfl\u00e4chen *\/\n        #flaechenplan-wrapper .gemeinschaft {\n          background: #e4fbe4;\n          text-align: center;\n          border: 2px solid #000;\n          font-weight: bold;\n        }\n\n        \/* Vereinshaus *\/\n        #flaechenplan-wrapper .vereinshaus {\n          background: #ffb3b3;\n          text-align: center;\n          border: 2px solid #000;\n          font-weight: bold;\n        }\n\n        \/* M\u00fcllplatz *\/\n        #flaechenplan-wrapper .muellplatz {\n          background: #666;\n          color: #fff;\n          text-align: center;\n          border: 2px solid #000;\n          font-weight: bold;\n        }\n\n        \/* Kesselhaus *\/\n        #flaechenplan-wrapper .kesselhaus {\n          background: #333;\n          color: #fff;\n          text-align: center;\n          border: 2px solid #000;\n          font-weight: bold;\n        }\n\n        \/* Einheitliche H\u00f6he f\u00fcr G\u00e4nge *\/\n        #flaechenplan-wrapper .gang1 td,\n        #flaechenplan-wrapper .gang2 td,\n        #flaechenplan-wrapper .gang3 td,\n        #flaechenplan-wrapper .gang4 td,\n        #flaechenplan-wrapper .gang5 td,\n        #flaechenplan-wrapper .gang6 td {\n          height: 20px;\n          vertical-align: middle;\n        }\n\t\t\/* Nur Text diagonal darstellen (nicht ganze Zelle) *\/\n\t\t#flaechenplan-wrapper .diag-text {\n  \t\tdisplay: inline-block;\n  \t\ttransform: rotate(-35deg);     \/* diagonale Neigung *\/\n  \t\ttransform-origin: center;\n  \t\tfont-size: 0.8em;              \/* kleinere Schrift *\/\n  \t\tfont-weight: normal;           \/* nicht fett *\/\n\t\t}\n      <\/style>\n\n      <table>\n        <tbody>\n          <tr><td colspan=\"12\">Betonweg<\/td><\/tr>\n\n          <tr class=\"num-row\">\n            <td>1<\/td><td>2<\/td><td>3<\/td><td>4<\/td>\n            <td rowspan=\"19\" class=\"vertical-text\">H<br>A<br>U<br>P<br>T<br>W<br>E<br>G<br> <br>2<\/td>\n            <td>5<\/td><td>6<\/td><td>7<\/td><td class=\"marker vorstand\" data-info=\"1. Vorsitzende \u2013 Frau Hinrichs\">8<\/td>\n            <td rowspan=\"19\" class=\"vertical-text\">H<br>A<br>U<br>P<br>T<br>W<br>E<br>G<br> <br>1<\/td>\n            <td colspan=\"2\" rowspan=\"3\" class=\"kesselhaus\"><span class=\"diag-text\">Kesselhaus<\/span><\/td>\n          <\/tr>\n\n          <tr class=\"num-row\">\n            <td>10<\/td><td>11<\/td><td>12<\/td><td>13<\/td>\n            <td>14<\/td><td>15<\/td><td class=\"marker vorstand\" data-info=\"1. Kassiererin \u2013 Frau Schnase\">16<\/td><td>17<\/td>\n          <\/tr>\n\n          <!-- Gang 1 -->\n          <tr>\n            <td colspan=\"4\" class=\"infokasten\">Infokasten<\/td>\n            <td colspan=\"4\" class=\"infokasten\">Infokasten<\/td>\n          <\/tr>\n\n          <tr class=\"num-row\">\n            <td>19<\/td><td>20<\/td><td>21<\/td><td>22<\/td>\n            <td>23<\/td><td>24<\/td><td>25<\/td><td>26<\/td>\n            <td rowspan=\"2\">27<\/td><td rowspan=\"2\">126<\/td>\n          <\/tr>\n\n          <tr class=\"num-row\">\n            <td>28<\/td><td>29<\/td><td>30<\/td><td>31<\/td>\n            <td>32<\/td><td>33<\/td><td>34<\/td><td>35<\/td>\n          <\/tr>\n\n          <!-- Gang 2 -->\n          <tr class=\"gang2\">\n            <td colspan=\"4\"><\/td><td colspan=\"4\"><\/td><td colspan=\"2\"><\/td>\n          <\/tr>\n\n          <tr class=\"num-row\">\n            <td>37<\/td><td>38<\/td><td>39<\/td><td>40<\/td>\n            <td>41<\/td><td>42<\/td><td>43<\/td><td>44<\/td>\n            <td>45<\/td><td>125<\/td>\n          <\/tr>\n\n          <tr class=\"num-row\">\n            <td>46<\/td><td>47<\/td><td>48<\/td><td>49<\/td>\n            <td class=\"marker vorstand\" data-info=\"1. Schriftf\u00fchrerin \u2013 Frau Grohmann\">50<\/td>\n            <td class=\"marker vorstand\" data-info=\"2. Schriftf\u00fchrerin \u2013 Frau Mehnert\">51<\/td>\n            <td>52<\/td><td>53<\/td>\n            <td>54<\/td><td>124<\/td>\n          <\/tr>\n\n          <!-- Gang 3 -->\n          <tr class=\"gang3\">\n            <td colspan=\"4\"><\/td><td colspan=\"4\"><\/td><td colspan=\"2\"><\/td>\n          <\/tr>\n\n          <tr class=\"num-row\">\n            <td>55<\/td><td>56<\/td><td>57<\/td><td>58<\/td>\n            <td>59<\/td><td>60<\/td><td>61<\/td><td>62<\/td>\n            <td>63<\/td><td class=\"marker wasserwart\" data-info=\"Wasserwart \u2013 Herr Kretzschmar\">123<\/td>\n          <\/tr>\n\n          <tr class=\"num-row\">\n            <td class=\"marker muellwartin\" data-info=\"M\u00fcllwartin \u2013 Frau Boose\">64<\/td>\n            <td>65<\/td><td>66<\/td><td>67<\/td>\n            <td>68<\/td><td>69<\/td><td>70<\/td><td>71<\/td>\n            <td>72<\/td>\n            <td class=\"marker multi-wasser-muell\" data-info=\"Wasserwart \u2013 Herr Bettin \/ M\u00fcllwartin \u2013 Frau Bettin\">124<\/td>\n          <\/tr>\n\n          <!-- Gang 4 -->\n          <tr class=\"gang4\">\n            <td colspan=\"4\"><\/td><td colspan=\"4\"><\/td><td colspan=\"2\"><\/td>\n          <\/tr>\n\n          <tr class=\"num-row\">\n            <td>73<\/td><td>74<\/td><td>75<\/td><td>76<\/td>\n            <td>77<\/td><td class=\"marker arbeitsdienst\" data-info=\"Arbeitsdienst \u2013 Herr Mi\u00dfalla\">78<\/td>\n            <td>79<\/td><td class=\"marker arbeitsdienst\" data-info=\"Arbeitsdienst \u2013 Herr Tenner\">80<\/td>\n            <td>81<\/td><td>121<\/td>\n          <\/tr>\n\n          <tr class=\"num-row\">\n            <td>82<\/td><td class=\"marker muellwartin\" data-info=\"M\u00fcllwartin \u2013 Frau Sporrer\">83<\/td>\n            <td>84<\/td><td>85<\/td>\n            <td>86<\/td><td>87<\/td><td>88<\/td><td>89<\/td>\n            <td>90<\/td><td>120<\/td>\n          <\/tr>\n\n          <!-- Gang 5 -->\n          <tr class=\"gang5\">\n            <td colspan=\"4\"><\/td><td colspan=\"4\"><\/td><td colspan=\"2\"><\/td>\n          <\/tr>\n\n          <tr class=\"num-row\">\n            <td>91<\/td><td>92<\/td><td>93<\/td><td>94<\/td>\n            <td>95<\/td><td>96<\/td><td>97<\/td><td>98<\/td>\n            <td>99<\/td><td>119<\/td>\n          <\/tr>\n\n          <tr class=\"num-row\">\n            <td class=\"marker muellwartin\" data-info=\"M\u00fcllwartin \u2013 Frau Freist\u00e4dt\">100<\/td>\n            <td>101<\/td><td>102<\/td><td>103<\/td>\n            <td class=\"marker vorstand\" data-info=\"2. Vorsitzender \u2013 Herr Ritzinger\">104<\/td>\n            <td>105<\/td><td>106<\/td>\n            <td class=\"gemeinschaft\"><span class=\"diag-text\">Fest- wiese<\/span><\/td>\n            <td class=\"gemeinschaft\"><span class=\"diag-text\">Fest- platz<\/span><\/td>\n            <td class=\"vereinshaus\"><span class=\"diag-text\">Vereins- haus<\/span><\/td>\n          <\/tr>\n\n          <!-- Gang 6 -->\n          <tr class=\"gang6\">\n            <td colspan=\"4\" class=\"infokasten\">Infokasten<\/td>\n            <td colspan=\"4\" class=\"infokasten\">Infokasten<\/td>\n            <td colspan=\"2\" class=\"marker vorstand\" data-info=\"2. Kassiererin \u2013 Frau Gensig\">108<\/td>\n          <\/tr>\n\n          <tr class=\"num-row\">\n            <td><\/td><td class=\"muellplatz\"><span class=\"diag-text\">M\u00fcll- platz<\/span><\/td><td>111<\/td><td>112<\/td>\n            <td>113<\/td><td>114<\/td><td>115<\/td><td>116<\/td>\n            <td>117<\/td><td>118<\/td>\n          <\/tr>\n\n          <tr><td colspan=\"12\">Pionierstr<\/td><\/tr>\n        <\/tbody>\n      <\/table>\n    <\/div>\n    <\/p>\n","protected":false},"excerpt":{"rendered":"<p>Unser Kolonieplan<\/p>\n","protected":false},"author":1,"featured_media":0,"parent":0,"menu_order":0,"comment_status":"closed","ping_status":"closed","template":"page-full-width","meta":{"footnotes":""},"class_list":["post-28","page","type-page","status-publish","hentry"],"_links":{"self":[{"href":"https:\/\/kolonie.area4you.de\/index.php?rest_route=\/wp\/v2\/pages\/28","targetHints":{"allow":["GET"]}}],"collection":[{"href":"https:\/\/kolonie.area4you.de\/index.php?rest_route=\/wp\/v2\/pages"}],"about":[{"href":"https:\/\/kolonie.area4you.de\/index.php?rest_route=\/wp\/v2\/types\/page"}],"author":[{"embeddable":true,"href":"https:\/\/kolonie.area4you.de\/index.php?rest_route=\/wp\/v2\/users\/1"}],"replies":[{"embeddable":true,"href":"https:\/\/kolonie.area4you.de\/index.php?rest_route=%2Fwp%2Fv2%2Fcomments&post=28"}],"version-history":[{"count":8,"href":"https:\/\/kolonie.area4you.de\/index.php?rest_route=\/wp\/v2\/pages\/28\/revisions"}],"predecessor-version":[{"id":108,"href":"https:\/\/kolonie.area4you.de\/index.php?rest_route=\/wp\/v2\/pages\/28\/revisions\/108"}],"wp:attachment":[{"href":"https:\/\/kolonie.area4you.de\/index.php?rest_route=%2Fwp%2Fv2%2Fmedia&parent=28"}],"curies":[{"name":"wp","href":"https:\/\/api.w.org\/{rel}","templated":true}]}}