{"id":109,"date":"2025-10-23T15:55:57","date_gmt":"2025-10-23T13:55:57","guid":{"rendered":"https:\/\/kolonie.area4you.de\/?page_id=109"},"modified":"2025-10-23T15:59:19","modified_gmt":"2025-10-23T13:59:19","slug":"vermietung-vereinshaus","status":"publish","type":"page","link":"https:\/\/kolonie.area4you.de\/?page_id=109","title":{"rendered":"\ud83c\udf3fVermietung Vereinshaus\ud83c\udf3f"},"content":{"rendered":"<p data-start=\"134\" data-end=\"171\"><b>Wir <\/b>stellen unser gem\u00fctliches <strong data-start=\"238\" data-end=\"263\">Vereinshaus zur Miete<\/strong> zur Verf\u00fcgung!<\/p>\n<p data-start=\"282\" data-end=\"488\">Ob <strong data-start=\"285\" data-end=\"305\">Geburtstagsfeier<\/strong>, <strong data-start=\"307\" data-end=\"323\">Familienfest<\/strong>, <strong data-start=\"325\" data-end=\"349\">Vereinsveranstaltung<\/strong> oder <strong data-start=\"355\" data-end=\"384\">gem\u00fctliches Beisammensein,<\/strong>\u00a0unser Vereinshaus bietet den idealen Rahmen f\u00fcr unvergessliche Stunden in sch\u00f6ner, gr\u00fcner Umgebung.<\/p>\n<p data-start=\"490\" data-end=\"510\">\u2728 <strong data-start=\"492\" data-end=\"508\">Ausstattung:<\/strong><\/p>\n<ul data-start=\"511\" data-end=\"692\">\n<li data-start=\"511\" data-end=\"559\">\n<p data-start=\"513\" data-end=\"559\">Gro\u00dfer Aufenthaltsraum mit Sitzgelegenheiten<\/p>\n<\/li>\n<li data-start=\"560\" data-end=\"597\">\n<p data-start=\"562\" data-end=\"597\">K\u00fcche mit allen wichtigen Ger\u00e4ten<\/p>\n<\/li>\n<li data-start=\"598\" data-end=\"618\">\n<p data-start=\"600\" data-end=\"618\">Sanit\u00e4re Anlagen<\/p>\n<\/li>\n<li data-start=\"619\" data-end=\"658\">\n<p data-start=\"621\" data-end=\"658\">\u00dcberdachter Au\u00dfenbereich \/ Terrasse<\/p>\n<\/li>\n<li data-start=\"659\" data-end=\"692\">\n<p data-start=\"661\" data-end=\"692\">Parkm\u00f6glichkeiten in der N\u00e4he<\/p>\n<\/li>\n<\/ul>\n<p data-start=\"694\" data-end=\"805\">\ud83c\udf3c <strong data-start=\"697\" data-end=\"706\">Lage:<\/strong><br data-start=\"706\" data-end=\"709\" \/>Mitten im Gr\u00fcnen und dennoch gut erreichbar \u2013 perfekt f\u00fcr entspannte Feste ohne Alltagsstress.<\/p>\n<p data-start=\"807\" data-end=\"973\"><strong data-start=\"810\" data-end=\"824\">Interesse?<\/strong><br data-start=\"824\" data-end=\"827\" \/>F\u00fcr Mietanfragen oder Besichtigungstermine wendet euch bitte an unser Fachgremium Vereinshaus<\/p>\n<div style=\"text-align:center; margin: 30px 0;\">\n  <a href=\"https:\/\/dein-link-zur-vermietung.example\"\n     class=\"frischauf-btn\"\n     aria-label=\"Vereinshaus mieten\"\n     target=\"_blank\" rel=\"noopener\"><br \/>\n    Vereinshaus mieten<br \/>\n  <\/a>\n<\/div>\n<style>\n  .frischauf-btn{\n    display:inline-block;\n    padding:14px 22px;\n    border-radius:9999px;\n    text-decoration:none;\n    font-weight:600;\n    letter-spacing:.2px;\n    background:#2e7d32;      \/* Gr\u00fcn *\/\n    color:#fff;\n    box-shadow:0 6px 14px rgba(46,125,50,.25);\n    transition:transform .15s ease, box-shadow .15s ease, background .2s ease;\n    text-align:center;\n  }\n  .frischauf-btn:hover,\n  .frischauf-btn:focus{\n    transform:translateY(-1px);\n    box-shadow:0 10px 20px rgba(46,125,50,.35);\n    background:#2a6f2d;\n  }\n  .frischauf-btn:active{\n    transform:translateY(0);\n    box-shadow:0 4px 10px rgba(46,125,50,.2);\n  }\n<\/style>\n","protected":false},"excerpt":{"rendered":"<p>Wir stellen unser gem\u00fctliches Vereinshaus zur Miete zur Verf\u00fcgung! Ob Geburtstagsfeier, Familienfest, Vereinsveranstaltung oder gem\u00fctliches Beisammensein,\u00a0unser Vereinshaus bietet den idealen Rahmen f\u00fcr unvergessliche Stunden in sch\u00f6ner, gr\u00fcner Umgebung. \u2728 Ausstattung: Gro\u00dfer Aufenthaltsraum mit Sitzgelegenheiten K\u00fcche mit allen wichtigen Ger\u00e4ten Sanit\u00e4re Anlagen \u00dcberdachter Au\u00dfenbereich \/ Terrasse Parkm\u00f6glichkeiten in der N\u00e4he \ud83c\udf3c Lage:Mitten im Gr\u00fcnen und dennoch [&hellip;]<\/p>\n","protected":false},"author":1,"featured_media":0,"parent":0,"menu_order":0,"comment_status":"closed","ping_status":"closed","template":"page-full-width","meta":{"footnotes":""},"class_list":["post-109","page","type-page","status-publish","hentry"],"_links":{"self":[{"href":"https:\/\/kolonie.area4you.de\/index.php?rest_route=\/wp\/v2\/pages\/109","targetHints":{"allow":["GET"]}}],"collection":[{"href":"https:\/\/kolonie.area4you.de\/index.php?rest_route=\/wp\/v2\/pages"}],"about":[{"href":"https:\/\/kolonie.area4you.de\/index.php?rest_route=\/wp\/v2\/types\/page"}],"author":[{"embeddable":true,"href":"https:\/\/kolonie.area4you.de\/index.php?rest_route=\/wp\/v2\/users\/1"}],"replies":[{"embeddable":true,"href":"https:\/\/kolonie.area4you.de\/index.php?rest_route=%2Fwp%2Fv2%2Fcomments&post=109"}],"version-history":[{"count":6,"href":"https:\/\/kolonie.area4you.de\/index.php?rest_route=\/wp\/v2\/pages\/109\/revisions"}],"predecessor-version":[{"id":115,"href":"https:\/\/kolonie.area4you.de\/index.php?rest_route=\/wp\/v2\/pages\/109\/revisions\/115"}],"wp:attachment":[{"href":"https:\/\/kolonie.area4you.de\/index.php?rest_route=%2Fwp%2Fv2%2Fmedia&parent=109"}],"curies":[{"name":"wp","href":"https:\/\/api.w.org\/{rel}","templated":true}]}}